{"id":2783,"date":"2022-08-10T15:04:11","date_gmt":"2022-08-10T12:04:11","guid":{"rendered":"https:\/\/visuon.com\/s\/?page_id=2783"},"modified":"2022-12-10T15:59:19","modified_gmt":"2022-12-10T13:59:19","slug":"ota-yhteytta-2","status":"publish","type":"page","link":"https:\/\/visuon.com\/s\/ota-yhteytta-2\/","title":{"rendered":"Ota yhteytt\u00e4"},"content":{"rendered":"<p>[et_pb_section fb_built=&#8221;1&#8243; fullwidth=&#8221;on&#8221; _builder_version=&#8221;4.16&#8243; global_colors_info=&#8221;{}&#8221;][et_pb_fullwidth_header title=&#8221;Osaava palveleva kumppani&#8221; text_orientation=&#8221;center&#8221; _builder_version=&#8221;4.17.2&#8243; title_font=&#8221;Arial|700||on|||||&#8221; title_text_align=&#8221;center&#8221; title_text_color=&#8221;#ffffff&#8221; title_font_size=&#8221;42px&#8221; title_line_height=&#8221;1.1em&#8221; subhead_text_align=&#8221;center&#8221; background_image=&#8221;https:\/\/visuon.com\/s\/wp-content\/uploads\/2020\/05\/Header_tall@2x-scaled.jpg&#8221; custom_button_one=&#8221;on&#8221; button_one_border_width=&#8221;0px&#8221; button_one_border_radius=&#8221;55px&#8221; button_one_letter_spacing=&#8221;1px&#8221; button_one_font=&#8221;|700||on|||||&#8221; button_one_use_icon=&#8221;off&#8221; custom_margin=&#8221;0px||||false|false&#8221; locked=&#8221;off&#8221; global_colors_info=&#8221;{}&#8221;][\/et_pb_fullwidth_header][\/et_pb_section][et_pb_section fb_built=&#8221;1&#8243; _builder_version=&#8221;4.17.1&#8243; _module_preset=&#8221;default&#8221; locked=&#8221;off&#8221; global_colors_info=&#8221;{}&#8221;][et_pb_row _builder_version=&#8221;4.17.1&#8243; _module_preset=&#8221;default&#8221; global_colors_info=&#8221;{}&#8221;][et_pb_column type=&#8221;4_4&#8243; _builder_version=&#8221;4.17.1&#8243; _module_preset=&#8221;default&#8221; global_colors_info=&#8221;{}&#8221;][et_pb_text _builder_version=&#8221;4.17.2&#8243; _module_preset=&#8221;default&#8221; text_orientation=&#8221;center&#8221; global_colors_info=&#8221;{}&#8221;]<\/p>\n<h1>Helppo. Mobiili. Innostava. Moderni.<\/h1>\n<h3>Ota yhteytt\u00e4 jo t\u00e4n\u00e4\u00e4n!<\/h3>\n<p>[\/et_pb_text][\/et_pb_column][\/et_pb_row][et_pb_row column_structure=&#8221;1_3,1_3,1_3&#8243; _builder_version=&#8221;4.17.1&#8243; _module_preset=&#8221;default&#8221; global_colors_info=&#8221;{}&#8221;][et_pb_column type=&#8221;1_3&#8243; _builder_version=&#8221;4.17.1&#8243; _module_preset=&#8221;default&#8221; global_colors_info=&#8221;{}&#8221;][et_pb_button button_url=&#8221;#open&#8221; button_text=&#8221;Varaa esittely kalenteristamme&#8221; button_alignment=&#8221;center&#8221; module_id=&#8221;overlay_unique_id_2818&#8243; _builder_version=&#8221;4.17.2&#8243; _module_preset=&#8221;default&#8221; hover_enabled=&#8221;0&#8243; global_colors_info=&#8221;{}&#8221; sticky_enabled=&#8221;0&#8243;][\/et_pb_button][\/et_pb_column][et_pb_column type=&#8221;1_3&#8243; _builder_version=&#8221;4.17.1&#8243; _module_preset=&#8221;default&#8221; global_colors_info=&#8221;{}&#8221;][et_pb_button button_url=&#8221;https:\/\/webforms.pipedrive.com\/f\/lEpnxo5E1DhTU6zDcAwdGzfJgetFHIGsM8k5mSMPHG994ByvdXMLVgvlHyYRhxp?embeded=1&#038;uuid=idmt3ce&#8221; url_new_window=&#8221;on&#8221; button_text=&#8221;J\u00e4t\u00e4 yhteydenottopyynt\u00f6 lomakkella&#8221; button_alignment=&#8221;center&#8221; _builder_version=&#8221;4.17.2&#8243; _module_preset=&#8221;default&#8221; custom_margin=&#8221;|auto||auto|false|false&#8221; custom_padding=&#8221;||||false|false&#8221; hover_enabled=&#8221;0&#8243; global_colors_info=&#8221;{}&#8221; sticky_enabled=&#8221;0&#8243;][\/et_pb_button][\/et_pb_column][et_pb_column type=&#8221;1_3&#8243; _builder_version=&#8221;4.17.1&#8243; _module_preset=&#8221;default&#8221; global_colors_info=&#8221;{}&#8221;][et_pb_button button_url=&#8221;mailto:sales@visuon.com?subject=Postia%20Visuon%20sivulta&#8221; url_new_window=&#8221;on&#8221; button_text=&#8221;L\u00e4het\u00e4 s\u00e4hk\u00f6postia suoraan&#8221; button_alignment=&#8221;center&#8221; _builder_version=&#8221;4.17.2&#8243; _module_preset=&#8221;default&#8221; global_colors_info=&#8221;{}&#8221;][\/et_pb_button][\/et_pb_column][\/et_pb_row][\/et_pb_section][et_pb_section fb_built=&#8221;1&#8243; _builder_version=&#8221;4.17.2&#8243; _module_preset=&#8221;default&#8221; global_colors_info=&#8221;{}&#8221;][et_pb_row _builder_version=&#8221;4.17.2&#8243; _module_preset=&#8221;default&#8221; global_colors_info=&#8221;{}&#8221;][et_pb_column type=&#8221;4_4&#8243; _builder_version=&#8221;4.17.2&#8243; _module_preset=&#8221;default&#8221; global_colors_info=&#8221;{}&#8221;][et_pb_text _builder_version=&#8221;4.17.2&#8243; _module_preset=&#8221;default&#8221; global_colors_info=&#8221;{}&#8221;]<\/p>\n<h2 style=\"text-align: center;\">Autamme suunnittelussa ja toteutuksessa.<\/h2>\n<p>[\/et_pb_text][\/et_pb_column][\/et_pb_row][et_pb_row column_structure=&#8221;1_2,1_2&#8243; _builder_version=&#8221;4.17.2&#8243; _module_preset=&#8221;default&#8221; global_colors_info=&#8221;{}&#8221;][et_pb_column type=&#8221;1_2&#8243; _builder_version=&#8221;4.17.2&#8243; _module_preset=&#8221;default&#8221; global_colors_info=&#8221;{}&#8221;][et_pb_team_member name=&#8221;Matti Meril\u00e4inen&#8221; position=&#8221;Partneri, Myynti ja Liiketoiminnan Kehitys&#8221; image_url=&#8221;https:\/\/visuon.com\/s\/wp-content\/uploads\/2022\/10\/Picture-of-Matti-Merila\u0308inen-1.jpg&#8221; _builder_version=&#8221;4.17.2&#8243; _module_preset=&#8221;default&#8221; global_colors_info=&#8221;{}&#8221;]<\/p>\n<p>Olen t\u00e4\u00e4ll\u00e4 auttamassa teit\u00e4, joten jos pohdit miten visuaalista ja mobiilia ratkaisuamme voi hy\u00f6dynt\u00e4\u00e4 liiketoiminnassasi tehokkaasti, otathan yhteytt\u00e4!<\/p>\n<p>Soita: +358 50 523 3569<br \/>S\u00e4hk\u00f6posti: <a href=\"mailto:matti.merilainen@visuon.com\">matti.merilainen@visuon.com<\/a><\/p>\n<p>[\/et_pb_team_member][\/et_pb_column][et_pb_column type=&#8221;1_2&#8243; _builder_version=&#8221;4.17.2&#8243; _module_preset=&#8221;default&#8221; global_colors_info=&#8221;{}&#8221;][et_pb_team_member name=&#8221;Jarmo Tanskanen&#8221; position=&#8221;Perustaja, toimari&#8221; image_url=&#8221;https:\/\/visuon.com\/s\/wp-content\/uploads\/2022\/10\/jarmo-tanskanen-kuva-pieni-1.jpg&#8221; _builder_version=&#8221;4.17.2&#8243; _module_preset=&#8221;default&#8221; global_colors_info=&#8221;{}&#8221;]<\/p>\n<p>Visuaaliset sis\u00e4ll\u00f6t kouluttamisessa ja toiminnan tehostamisessa ovat l\u00e4hell\u00e4 syd\u00e4nt\u00e4ni. Pystyn auttamaan ja sparraamaan kuinka parannat tuottavuutta.<\/p>\n<p>Soita: +358 50 553 6899<br \/>S\u00e4hk\u00f6posti: <a href=\"mailto:jarmo.tanskanen@visuon.com\">jarmo.tanskanen@visuon.com<\/a><\/p>\n<p>[\/et_pb_team_member][\/et_pb_column][\/et_pb_row][\/et_pb_section]<\/p>\n","protected":false},"excerpt":{"rendered":"<p>Helppo. Mobiili. Innostava. Moderni. Ota yhteytt\u00e4 jo t\u00e4n\u00e4\u00e4n!Autamme suunnittelussa ja toteutuksessa.Olen t\u00e4\u00e4ll\u00e4 auttamassa teit\u00e4, joten jos pohdit miten visuaalista ja mobiilia ratkaisuamme voi hy\u00f6dynt\u00e4\u00e4 liiketoiminnassasi tehokkaasti, otathan yhteytt\u00e4! Soita: +358 50 523 3569S\u00e4hk\u00f6posti: matti.merilainen@visuon.comVisuaaliset sis\u00e4ll\u00f6t kouluttamisessa ja toiminnan tehostamisessa ovat l\u00e4hell\u00e4 syd\u00e4nt\u00e4ni. Pystyn auttamaan ja sparraamaan kuinka parannat tuottavuutta. Soita: +358 50 553 6899S\u00e4hk\u00f6posti: jarmo.tanskanen@visuon.com<\/p>\n","protected":false},"author":1,"featured_media":0,"parent":0,"menu_order":0,"comment_status":"closed","ping_status":"closed","template":"","meta":{"_et_pb_use_builder":"on","_et_pb_old_content":"","_et_gb_content_width":"","footnotes":""},"yoast_head":"<!-- This site is optimized with the Yoast SEO plugin v23.5 - https:\/\/yoast.com\/wordpress\/plugins\/seo\/ -->\n<title>Ota yhteytt\u00e4 - Visuon Impact<\/title>\n<meta name=\"robots\" content=\"index, follow, max-snippet:-1, max-image-preview:large, max-video-preview:-1\" \/>\n<link rel=\"canonical\" href=\"https:\/\/visuon.com\/s\/fi\/ota-yhteytta-2\/\" \/>\n<meta property=\"og:locale\" content=\"fi_FI\" \/>\n<meta property=\"og:type\" content=\"article\" \/>\n<meta property=\"og:title\" content=\"Ota yhteytt\u00e4 - Visuon Impact\" \/>\n<meta property=\"og:description\" content=\"Helppo. Mobiili. Innostava. Moderni. Ota yhteytt\u00e4 jo t\u00e4n\u00e4\u00e4n!Autamme suunnittelussa ja toteutuksessa.Olen t\u00e4\u00e4ll\u00e4 auttamassa teit\u00e4, joten jos pohdit miten visuaalista ja mobiilia ratkaisuamme voi hy\u00f6dynt\u00e4\u00e4 liiketoiminnassasi tehokkaasti, otathan yhteytt\u00e4! Soita: +358 50 523 3569S\u00e4hk\u00f6posti: matti.merilainen@visuon.comVisuaaliset sis\u00e4ll\u00f6t kouluttamisessa ja toiminnan tehostamisessa ovat l\u00e4hell\u00e4 syd\u00e4nt\u00e4ni. Pystyn auttamaan ja sparraamaan kuinka parannat tuottavuutta. Soita: +358 50 553 6899S\u00e4hk\u00f6posti: jarmo.tanskanen@visuon.com\" \/>\n<meta property=\"og:url\" content=\"https:\/\/visuon.com\/s\/fi\/ota-yhteytta-2\/\" \/>\n<meta property=\"og:site_name\" content=\"Visuon Impact\" \/>\n<meta property=\"article:publisher\" content=\"https:\/\/www.facebook.com\/visuonCo\" \/>\n<meta property=\"article:modified_time\" content=\"2022-12-10T13:59:19+00:00\" \/>\n<meta name=\"twitter:card\" content=\"summary_large_image\" \/>\n<meta name=\"twitter:site\" content=\"@visuonco\" \/>\n<script type=\"application\/ld+json\" class=\"yoast-schema-graph\">{\"@context\":\"https:\/\/schema.org\",\"@graph\":[{\"@type\":\"WebPage\",\"@id\":\"https:\/\/visuon.com\/s\/fi\/ota-yhteytta-2\/\",\"url\":\"https:\/\/visuon.com\/s\/fi\/ota-yhteytta-2\/\",\"name\":\"Ota yhteytt\u00e4 - Visuon Impact\",\"isPartOf\":{\"@id\":\"https:\/\/visuon.com\/s\/#website\"},\"datePublished\":\"2022-08-10T12:04:11+00:00\",\"dateModified\":\"2022-12-10T13:59:19+00:00\",\"breadcrumb\":{\"@id\":\"https:\/\/visuon.com\/s\/fi\/ota-yhteytta-2\/#breadcrumb\"},\"inLanguage\":\"fi\",\"potentialAction\":[{\"@type\":\"ReadAction\",\"target\":[\"https:\/\/visuon.com\/s\/fi\/ota-yhteytta-2\/\"]}]},{\"@type\":\"BreadcrumbList\",\"@id\":\"https:\/\/visuon.com\/s\/fi\/ota-yhteytta-2\/#breadcrumb\",\"itemListElement\":[{\"@type\":\"ListItem\",\"position\":1,\"name\":\"Home\",\"item\":\"https:\/\/visuon.com\/s\/fi\/\"},{\"@type\":\"ListItem\",\"position\":2,\"name\":\"Ota yhteytt\u00e4\"}]},{\"@type\":\"WebSite\",\"@id\":\"https:\/\/visuon.com\/s\/#website\",\"url\":\"https:\/\/visuon.com\/s\/\",\"name\":\"Visuon Impact\",\"description\":\"New era for visual impact on business\",\"potentialAction\":[{\"@type\":\"SearchAction\",\"target\":{\"@type\":\"EntryPoint\",\"urlTemplate\":\"https:\/\/visuon.com\/s\/?s={search_term_string}\"},\"query-input\":{\"@type\":\"PropertyValueSpecification\",\"valueRequired\":true,\"valueName\":\"search_term_string\"}}],\"inLanguage\":\"fi\"}]}<\/script>\n<!-- \/ Yoast SEO plugin. -->","yoast_head_json":{"title":"Ota yhteytt\u00e4 - Visuon Impact","robots":{"index":"index","follow":"follow","max-snippet":"max-snippet:-1","max-image-preview":"max-image-preview:large","max-video-preview":"max-video-preview:-1"},"canonical":"https:\/\/visuon.com\/s\/fi\/ota-yhteytta-2\/","og_locale":"fi_FI","og_type":"article","og_title":"Ota yhteytt\u00e4 - Visuon Impact","og_description":"Helppo. Mobiili. Innostava. Moderni. Ota yhteytt\u00e4 jo t\u00e4n\u00e4\u00e4n!Autamme suunnittelussa ja toteutuksessa.Olen t\u00e4\u00e4ll\u00e4 auttamassa teit\u00e4, joten jos pohdit miten visuaalista ja mobiilia ratkaisuamme voi hy\u00f6dynt\u00e4\u00e4 liiketoiminnassasi tehokkaasti, otathan yhteytt\u00e4! Soita: +358 50 523 3569S\u00e4hk\u00f6posti: matti.merilainen@visuon.comVisuaaliset sis\u00e4ll\u00f6t kouluttamisessa ja toiminnan tehostamisessa ovat l\u00e4hell\u00e4 syd\u00e4nt\u00e4ni. Pystyn auttamaan ja sparraamaan kuinka parannat tuottavuutta. Soita: +358 50 553 6899S\u00e4hk\u00f6posti: jarmo.tanskanen@visuon.com","og_url":"https:\/\/visuon.com\/s\/fi\/ota-yhteytta-2\/","og_site_name":"Visuon Impact","article_publisher":"https:\/\/www.facebook.com\/visuonCo","article_modified_time":"2022-12-10T13:59:19+00:00","twitter_card":"summary_large_image","twitter_site":"@visuonco","schema":{"@context":"https:\/\/schema.org","@graph":[{"@type":"WebPage","@id":"https:\/\/visuon.com\/s\/fi\/ota-yhteytta-2\/","url":"https:\/\/visuon.com\/s\/fi\/ota-yhteytta-2\/","name":"Ota yhteytt\u00e4 - Visuon Impact","isPartOf":{"@id":"https:\/\/visuon.com\/s\/#website"},"datePublished":"2022-08-10T12:04:11+00:00","dateModified":"2022-12-10T13:59:19+00:00","breadcrumb":{"@id":"https:\/\/visuon.com\/s\/fi\/ota-yhteytta-2\/#breadcrumb"},"inLanguage":"fi","potentialAction":[{"@type":"ReadAction","target":["https:\/\/visuon.com\/s\/fi\/ota-yhteytta-2\/"]}]},{"@type":"BreadcrumbList","@id":"https:\/\/visuon.com\/s\/fi\/ota-yhteytta-2\/#breadcrumb","itemListElement":[{"@type":"ListItem","position":1,"name":"Home","item":"https:\/\/visuon.com\/s\/fi\/"},{"@type":"ListItem","position":2,"name":"Ota yhteytt\u00e4"}]},{"@type":"WebSite","@id":"https:\/\/visuon.com\/s\/#website","url":"https:\/\/visuon.com\/s\/","name":"Visuon Impact","description":"New era for visual impact on business","potentialAction":[{"@type":"SearchAction","target":{"@type":"EntryPoint","urlTemplate":"https:\/\/visuon.com\/s\/?s={search_term_string}"},"query-input":{"@type":"PropertyValueSpecification","valueRequired":true,"valueName":"search_term_string"}}],"inLanguage":"fi"}]}},"_links":{"self":[{"href":"https:\/\/visuon.com\/s\/wp-json\/wp\/v2\/pages\/2783"}],"collection":[{"href":"https:\/\/visuon.com\/s\/wp-json\/wp\/v2\/pages"}],"about":[{"href":"https:\/\/visuon.com\/s\/wp-json\/wp\/v2\/types\/page"}],"author":[{"embeddable":true,"href":"https:\/\/visuon.com\/s\/wp-json\/wp\/v2\/users\/1"}],"replies":[{"embeddable":true,"href":"https:\/\/visuon.com\/s\/wp-json\/wp\/v2\/comments?post=2783"}],"version-history":[{"count":38,"href":"https:\/\/visuon.com\/s\/wp-json\/wp\/v2\/pages\/2783\/revisions"}],"predecessor-version":[{"id":3074,"href":"https:\/\/visuon.com\/s\/wp-json\/wp\/v2\/pages\/2783\/revisions\/3074"}],"wp:attachment":[{"href":"https:\/\/visuon.com\/s\/wp-json\/wp\/v2\/media?parent=2783"}],"curies":[{"name":"wp","href":"https:\/\/api.w.org\/{rel}","templated":true}]}}