{"id":2763,"date":"2022-08-10T13:58:07","date_gmt":"2022-08-10T10:58:07","guid":{"rendered":"https:\/\/visuon.com\/s\/?page_id=2763"},"modified":"2022-09-23T12:46:51","modified_gmt":"2022-09-23T09:46:51","slug":"kokemuksia","status":"publish","type":"page","link":"https:\/\/visuon.com\/s\/kokemuksia\/","title":{"rendered":"Kokemuksia"},"content":{"rendered":"<p>[et_pb_section fb_built=&#8221;1&#8243; fullwidth=&#8221;on&#8221; admin_label=&#8221;banner&#8221; _builder_version=&#8221;4.17.2&#8243; background_image=&#8221;https:\/\/visuon.com\/s\/wp-content\/uploads\/2021\/04\/tampere-hall-covid19-safety-visuon.png&#8221; module_alignment=&#8221;center&#8221; height=&#8221;190px&#8221; locked=&#8221;off&#8221; global_colors_info=&#8221;{}&#8221;][et_pb_fullwidth_header title=&#8221;K\u00e4ytt\u00e4j\u00e4kokemuksia&#8221; text_orientation=&#8221;center&#8221; background_overlay_color=&#8221;RGBA(255,255,255,0)&#8221; _builder_version=&#8221;4.17.2&#8243; _module_preset=&#8221;default&#8221; title_font=&#8221;|||on|||||&#8221; title_text_color=&#8221;#F7F7F7&#8243; title_font_size=&#8221;53px&#8221; background_color=&#8221;RGBA(255,255,255,0)&#8221; title_font_size_tablet=&#8221;53px&#8221; title_font_size_phone=&#8221;24px&#8221; title_font_size_last_edited=&#8221;on|phone&#8221; title_text_shadow_style=&#8221;preset1&#8243; title_text_shadow_horizontal_length=&#8221;0.09em&#8221; global_colors_info=&#8221;{}&#8221; title_font_size__hover_enabled=&#8221;on|desktop&#8221; title_font_size__hover=&#8221;53px&#8221;][\/et_pb_fullwidth_header][\/et_pb_section][et_pb_section fb_built=&#8221;1&#8243; _builder_version=&#8221;4.16&#8243; background_color=&#8221;#eeeeee&#8221; custom_padding=&#8221;70px|||||&#8221; locked=&#8221;off&#8221; global_colors_info=&#8221;{}&#8221;][et_pb_row column_structure=&#8221;1_3,1_3,1_3&#8243; _builder_version=&#8221;4.16&#8243; global_colors_info=&#8221;{}&#8221;][et_pb_column type=&#8221;1_3&#8243; _builder_version=&#8221;4.16&#8243; global_colors_info=&#8221;{}&#8221;][et_pb_blurb title=&#8221;KONE&#8221; image=&#8221;https:\/\/visuon.com\/s\/wp-content\/uploads\/2019\/10\/Kone_logo-300&#215;152.png&#8221; alt=&#8221;visuon logo&#8221; icon_placement=&#8221;left&#8221; _builder_version=&#8221;4.17.2&#8243; header_level=&#8221;h2&#8243; header_font=&#8221;|800|||||||&#8221; header_text_color=&#8221;#3c3c3c&#8221; header_line_height=&#8221;1.2em&#8221; body_font_size=&#8221;14px&#8221; body_line_height=&#8221;1.6em&#8221; background_color=&#8221;#ffffff&#8221; custom_padding=&#8221;20px|20px|20px|20px|false|false&#8221; custom_css_blurb_title=&#8221;margin-top:20px;&#8221; box_shadow_style=&#8221;preset1&#8243; global_colors_info=&#8221;{}&#8221;]<\/p>\n<p>Kohderyhm\u00e4 organisaatiossamme ovat operatiiviset tiimit, jotka tekev\u00e4t t\u00f6it\u00e4 p\u00e4\u00e4osin k\u00e4sin. Heid\u00e4n reaktionsa ovat olleet paljon puhuvia: \u201dVau! Aivan kuin olisin itse siell\u00e4!\u201d<br \/>Meille on t\u00e4rke\u00e4\u00e4, ett\u00e4 palvelu ja sis\u00e4lt\u00f6 ovat sitouttavia, hauskoja ja aktivoivia.<\/p>\n<p><strong>Sami Lepp\u00e4nen<\/strong><br \/>L&amp;D Program Manager<\/p>\n<p>[\/et_pb_blurb][et_pb_blurb title=&#8221;Empower&#8221; image=&#8221;https:\/\/visuon.com\/s\/wp-content\/uploads\/2020\/06\/Empower@2x.png&#8221; alt=&#8221;visuon logo&#8221; icon_placement=&#8221;left&#8221; _builder_version=&#8221;4.17.2&#8243; header_level=&#8221;h2&#8243; header_font=&#8221;|800|||||||&#8221; header_text_color=&#8221;#3c3c3c&#8221; header_line_height=&#8221;1.2em&#8221; body_font_size=&#8221;14px&#8221; body_line_height=&#8221;1.6em&#8221; background_color=&#8221;#ffffff&#8221; custom_padding=&#8221;20px|20px|20px|20px|false|false&#8221; custom_css_blurb_title=&#8221;margin-top:20px;&#8221; box_shadow_style=&#8221;preset1&#8243; global_colors_info=&#8221;{}&#8221;]<\/p>\n<p>Meille Visuon tarjosi mullistavan ja poikkeuksellisen alustan teknisten tilojen visualisointiin. Visuon mahdollistaa helpon sek\u00e4 nopean omien 360\u00b0 ymp\u00e4rist\u00f6jen kehityksen.<\/p>\n<p>T\u00e4ht\u00e4\u00e4mme jatkossa entist\u00e4kin tehokkaampaan ja ymp\u00e4rist\u00f6yst\u00e4v\u00e4llisemp\u00e4\u00e4n kehitykseen.<\/p>\n<p><strong>Kimmo Saarela<\/strong><br \/>IoT Solutions &amp; Digital Applications Director<\/p>\n<p>[\/et_pb_blurb][\/et_pb_column][et_pb_column type=&#8221;1_3&#8243; _builder_version=&#8221;4.16&#8243; global_colors_info=&#8221;{}&#8221;][et_pb_blurb title=&#8221;Mikkeli Siivotaan&#8221; image=&#8221;https:\/\/visuon.com\/s\/wp-content\/uploads\/2022\/09\/slogan_pysty.jpg&#8221; alt=&#8221;TAYS logo&#8221; icon_placement=&#8221;left&#8221; _builder_version=&#8221;4.17.2&#8243; header_level=&#8221;h2&#8243; header_font=&#8221;|800|||||||&#8221; header_text_color=&#8221;#3c3c3c&#8221; header_line_height=&#8221;1.2em&#8221; body_font_size=&#8221;14px&#8221; body_line_height=&#8221;1.6em&#8221; background_color=&#8221;#ffffff&#8221; custom_padding=&#8221;20px|20px|20px|20px|false|false&#8221; hover_enabled=&#8221;0&#8243; custom_css_blurb_title=&#8221;margin-top:20px;&#8221; box_shadow_style=&#8221;preset1&#8243; global_colors_info=&#8221;{}&#8221; title_text=&#8221;slogan_pysty&#8221; sticky_enabled=&#8221;0&#8243;]<\/p>\n<p>Henkil\u00f6kunnan osaaminen, laadun rakentaminen ja k\u00e4yt\u00f6ss\u00e4 olevat tukity\u00f6kalut ovat t\u00e4rkeit\u00e4 kilpailuetua lis\u00e4\u00e4vi\u00e4 tekij\u00f6it\u00e4. Visuaalisuus auttaa kohteessa teht\u00e4vien t\u00f6iden hahmottamisessa niillekin, joille suomi ei ole \u00e4idinkieli.<\/p>\n<p>Visuon palvelu nostaa ty\u00f6kohdekansiot, perehdytyksen sek\u00e4 tekemisen uudelle tasolle.<\/p>\n<p><strong>Osku Nyk\u00e4nen<\/strong><br \/>Toimitusjohtaja<\/p>\n<p>[\/et_pb_blurb][et_pb_blurb title=&#8221;TAYS &#8211; Sairaalahuolto&#8221; image=&#8221;https:\/\/visuon.com\/s\/wp-content\/uploads\/2022\/08\/tays-logo-220&#215;300.jpg&#8221; alt=&#8221;TAYS logo&#8221; icon_placement=&#8221;left&#8221; _builder_version=&#8221;4.17.2&#8243; header_level=&#8221;h2&#8243; header_font=&#8221;|800|||||||&#8221; header_text_color=&#8221;#3c3c3c&#8221; header_line_height=&#8221;1.2em&#8221; body_font_size=&#8221;14px&#8221; body_line_height=&#8221;1.6em&#8221; background_color=&#8221;#ffffff&#8221; custom_padding=&#8221;20px|20px|20px|20px|false|false&#8221; custom_css_blurb_title=&#8221;margin-top:20px;&#8221; box_shadow_style=&#8221;preset1&#8243; global_colors_info=&#8221;{}&#8221;]<\/p>\n<p>Ty\u00f6n visualisointi on uuden ty\u00f6ntekij\u00e4n perehdytyksess\u00e4 keskeinen asia. Pid\u00e4n t\u00e4rke\u00e4n\u00e4 my\u00f6s ty\u00f6ntekij\u00e4n mahdollisuutta palata kertaamaan visualisointeja aika- ja paikkariippumattomasti.<br \/>Visuon tarjosi meille helppok\u00e4ytt\u00f6isen ja toimivan ratkaisun n\u00e4iden sis\u00e4lt\u00f6jen koostamiselle ja julkaisulle.<\/p>\n<p><strong>Tommi Saarinen<\/strong><br \/>Suunnittelija, TAYS<br \/>Sairaalahuolto<\/p>\n<p>[\/et_pb_blurb][\/et_pb_column][et_pb_column type=&#8221;1_3&#8243; _builder_version=&#8221;4.16&#8243; global_colors_info=&#8221;{}&#8221;][et_pb_blurb title=&#8221;OAMK&#8221; image=&#8221;https:\/\/visuon.com\/s\/wp-content\/uploads\/2019\/10\/oamk.jpg&#8221; alt=&#8221;visuon logo&#8221; icon_placement=&#8221;left&#8221; _builder_version=&#8221;4.17.2&#8243; header_level=&#8221;h2&#8243; header_font=&#8221;|800|||||||&#8221; header_text_color=&#8221;#3c3c3c&#8221; header_line_height=&#8221;1.2em&#8221; body_font_size=&#8221;14px&#8221; body_line_height=&#8221;1.6em&#8221; background_color=&#8221;#ffffff&#8221; custom_padding=&#8221;20px|20px|20px|20px|false|false&#8221; custom_css_blurb_title=&#8221;margin-top:20px;&#8221; box_shadow_style=&#8221;preset1&#8243; global_colors_info=&#8221;{}&#8221;]<\/p>\n<p>Yhteisty\u00f6ss\u00e4 Oulun sairaalan kanssa ker\u00e4tty palaute Visuon ymp\u00e4rist\u00f6st\u00e4 ja virtuaalitiloista; ne ovat helposti k\u00e4ytett\u00e4vi\u00e4 ja hyvin ymm\u00e4rrett\u00e4vi\u00e4. Lis\u00e4ksi ennakkotutustuminen v\u00e4hent\u00e4\u00e4 ensikertalaisten j\u00e4nnityst\u00e4.<\/p>\n<p><strong>Karoliina Paalim\u00e4ki-Paakki<\/strong><br \/>Senior Lecturer, Oulun Ammattikorkeakoulu<\/p>\n<p>[\/et_pb_blurb][\/et_pb_column][\/et_pb_row][\/et_pb_section][et_pb_section fb_built=&#8221;1&#8243; _builder_version=&#8221;4.17.1&#8243; _module_preset=&#8221;default&#8221; background_color=&#8221;#3C3C3C&#8221; custom_padding=&#8221;22px||12px|||&#8221; locked=&#8221;off&#8221; global_colors_info=&#8221;{}&#8221;][et_pb_row _builder_version=&#8221;4.17.1&#8243; _module_preset=&#8221;default&#8221; global_colors_info=&#8221;{}&#8221;][et_pb_column type=&#8221;4_4&#8243; _builder_version=&#8221;4.17.1&#8243; _module_preset=&#8221;default&#8221; global_colors_info=&#8221;{}&#8221;][et_pb_blurb use_icon=&#8221;on&#8221; font_icon=&#8221;&#x7b;||divi||400&#8243; icon_color=&#8221;#FFFFFF&#8221; image_icon_width=&#8221;61px&#8221; _builder_version=&#8221;4.17.1&#8243; _module_preset=&#8221;default&#8221; custom_margin=&#8221;||-20px|||&#8221; custom_padding=&#8221;||0px|||&#8221; global_colors_info=&#8221;{}&#8221;][\/et_pb_blurb][et_pb_text _builder_version=&#8221;4.17.1&#8243; _module_preset=&#8221;default&#8221; text_orientation=&#8221;center&#8221; background_layout=&#8221;dark&#8221; global_colors_info=&#8221;{}&#8221;]<\/p>\n<h3 style=\"text-align: center;\"><em>Koulutus vie kolmanneksen v\u00e4hemm\u00e4n aikaa ja rahaa, mutta tuottavuus on parempi. Ty\u00f6ntekij\u00e4mme voivat kouluttautuesssaan my\u00f6s viihty\u00e4. T\u00e4m\u00e4 on osa ty\u00f6kulttuuriamme.<\/em><\/h3>\n<p><em><\/em><\/p>\n<p>[\/et_pb_text][et_pb_image src=&#8221;https:\/\/visuon.com\/s\/wp-content\/uploads\/2019\/10\/Kone_logo.png&#8221; title_text=&#8221;Kone_logo&#8221; align=&#8221;center&#8221; _builder_version=&#8221;4.17.1&#8243; _module_preset=&#8221;default&#8221; max_width=&#8221;100px&#8221; global_colors_info=&#8221;{}&#8221;][\/et_pb_image][\/et_pb_column][\/et_pb_row][\/et_pb_section][et_pb_section fb_built=&#8221;1&#8243; _builder_version=&#8221;4.16&#8243; background_color=&#8221;#eeeeee&#8221; custom_padding=&#8221;||0px|||&#8221; locked=&#8221;off&#8221; global_colors_info=&#8221;{}&#8221;][et_pb_row _builder_version=&#8221;4.16&#8243; global_colors_info=&#8221;{}&#8221;][et_pb_column type=&#8221;4_4&#8243; _builder_version=&#8221;4.16&#8243; global_colors_info=&#8221;{}&#8221;][et_pb_blog fullwidth=&#8221;off&#8221; posts_number=&#8221;9&#8243; excerpt_length=&#8221;100&#8243; show_more=&#8221;on&#8221; show_author=&#8221;off&#8221; show_categories=&#8221;off&#8221; show_comments=&#8221;on&#8221; _builder_version=&#8221;4.17.2&#8243; box_shadow_style=&#8221;preset1&#8243; global_colors_info=&#8221;{}&#8221;][\/et_pb_blog][\/et_pb_column][\/et_pb_row][\/et_pb_section][et_pb_section fb_built=&#8221;1&#8243; _builder_version=&#8221;4.16&#8243; custom_margin=&#8221;0px|0px|0px|0px|false|false&#8221; custom_padding=&#8221;0px|0px|0px|0px|false|false&#8221; locked=&#8221;off&#8221; global_colors_info=&#8221;{}&#8221;][et_pb_row _builder_version=&#8221;4.16&#8243; width=&#8221;100%&#8221; max_width=&#8221;2560px&#8221; custom_margin=&#8221;0px||0px||false|false&#8221; custom_padding=&#8221;0px||0px||false|false&#8221; global_colors_info=&#8221;{}&#8221;][et_pb_column type=&#8221;4_4&#8243; _builder_version=&#8221;4.16&#8243; global_colors_info=&#8221;{}&#8221;][et_pb_cta title=&#8221;Autamme suunnittelussa ja toteutuksessa.&#8221; button_url=&#8221;https:\/\/visuon.com\/s\/fi\/ota-yhteytta\/&#8221; _builder_version=&#8221;4.17.2&#8243; header_line_height=&#8221;1.6em&#8221; body_line_height=&#8221;2.3em&#8221; background_color=&#8221;#609900&#8243; custom_button=&#8221;on&#8221; button_text_size=&#8221;14px&#8221; button_text_color=&#8221;#3c3c3c&#8221; button_bg_color=&#8221;#eeeeee&#8221; button_border_width=&#8221;0px&#8221; button_border_radius=&#8221;8px&#8221; button_letter_spacing=&#8221;1px&#8221; button_font=&#8221;|700||on|||||&#8221; button_use_icon=&#8221;off&#8221; button_custom_padding=&#8221;20px|40px|20px|40px|false|false&#8221; custom_margin=&#8221;0px||0px||false|false&#8221; custom_padding=&#8221;100px||100px||false|false&#8221; global_colors_info=&#8221;{}&#8221;]<\/p>\n<p><strong>SOITA meille, saat ainakin uusia ideoita!<\/strong><br \/>Matti Meril\u00e4inen, +358 50 523 3569<br \/>Jarmo Tanskanen, +358 50 553 6899<br \/><a href=\"mailto:sales@visuon.com\">sales@visuon.com<\/a><\/p>\n<p>[\/et_pb_cta][\/et_pb_column][\/et_pb_row][\/et_pb_section]<\/p>\n","protected":false},"excerpt":{"rendered":"<p>Kohderyhm\u00e4 organisaatiossamme ovat operatiiviset tiimit, jotka tekev\u00e4t t\u00f6it\u00e4 p\u00e4\u00e4osin k\u00e4sin. Heid\u00e4n reaktionsa ovat olleet paljon puhuvia: \u201dVau! Aivan kuin olisin itse siell\u00e4!\u201dMeille on t\u00e4rke\u00e4\u00e4, ett\u00e4 palvelu ja sis\u00e4lt\u00f6 ovat sitouttavia, hauskoja ja aktivoivia. Sami Lepp\u00e4nenL&amp;D Program ManagerMeille Visuon tarjosi mullistavan ja poikkeuksellisen alustan teknisten tilojen visualisointiin. Visuon mahdollistaa helpon sek\u00e4 nopean omien 360\u00b0 ymp\u00e4rist\u00f6jen kehityksen. [&hellip;]<\/p>\n","protected":false},"author":1,"featured_media":0,"parent":0,"menu_order":0,"comment_status":"closed","ping_status":"closed","template":"","meta":{"_et_pb_use_builder":"on","_et_pb_old_content":"","_et_gb_content_width":"","footnotes":""},"yoast_head":"<!-- This site is optimized with the Yoast SEO plugin v23.5 - https:\/\/yoast.com\/wordpress\/plugins\/seo\/ -->\n<title>Kokemuksia - Visuon Impact<\/title>\n<meta name=\"robots\" content=\"index, follow, max-snippet:-1, max-image-preview:large, max-video-preview:-1\" \/>\n<link rel=\"canonical\" href=\"https:\/\/visuon.com\/s\/fi\/kokemuksia\/\" \/>\n<meta property=\"og:locale\" content=\"fi_FI\" \/>\n<meta property=\"og:type\" content=\"article\" \/>\n<meta property=\"og:title\" content=\"Kokemuksia - Visuon Impact\" \/>\n<meta property=\"og:description\" content=\"Kohderyhm\u00e4 organisaatiossamme ovat operatiiviset tiimit, jotka tekev\u00e4t t\u00f6it\u00e4 p\u00e4\u00e4osin k\u00e4sin. Heid\u00e4n reaktionsa ovat olleet paljon puhuvia: \u201dVau! Aivan kuin olisin itse siell\u00e4!\u201dMeille on t\u00e4rke\u00e4\u00e4, ett\u00e4 palvelu ja sis\u00e4lt\u00f6 ovat sitouttavia, hauskoja ja aktivoivia. Sami Lepp\u00e4nenL&amp;D Program ManagerMeille Visuon tarjosi mullistavan ja poikkeuksellisen alustan teknisten tilojen visualisointiin. Visuon mahdollistaa helpon sek\u00e4 nopean omien 360\u00b0 ymp\u00e4rist\u00f6jen kehityksen. [&hellip;]\" \/>\n<meta property=\"og:url\" content=\"https:\/\/visuon.com\/s\/fi\/kokemuksia\/\" \/>\n<meta property=\"og:site_name\" content=\"Visuon Impact\" \/>\n<meta property=\"article:publisher\" content=\"https:\/\/www.facebook.com\/visuonCo\" \/>\n<meta property=\"article:modified_time\" content=\"2022-09-23T09:46:51+00:00\" \/>\n<meta name=\"twitter:card\" content=\"summary_large_image\" \/>\n<meta name=\"twitter:site\" content=\"@visuonco\" \/>\n<script type=\"application\/ld+json\" class=\"yoast-schema-graph\">{\"@context\":\"https:\/\/schema.org\",\"@graph\":[{\"@type\":\"WebPage\",\"@id\":\"https:\/\/visuon.com\/s\/fi\/kokemuksia\/\",\"url\":\"https:\/\/visuon.com\/s\/fi\/kokemuksia\/\",\"name\":\"Kokemuksia - Visuon Impact\",\"isPartOf\":{\"@id\":\"https:\/\/visuon.com\/s\/#website\"},\"datePublished\":\"2022-08-10T10:58:07+00:00\",\"dateModified\":\"2022-09-23T09:46:51+00:00\",\"breadcrumb\":{\"@id\":\"https:\/\/visuon.com\/s\/fi\/kokemuksia\/#breadcrumb\"},\"inLanguage\":\"fi\",\"potentialAction\":[{\"@type\":\"ReadAction\",\"target\":[\"https:\/\/visuon.com\/s\/fi\/kokemuksia\/\"]}]},{\"@type\":\"BreadcrumbList\",\"@id\":\"https:\/\/visuon.com\/s\/fi\/kokemuksia\/#breadcrumb\",\"itemListElement\":[{\"@type\":\"ListItem\",\"position\":1,\"name\":\"Home\",\"item\":\"https:\/\/visuon.com\/s\/fi\/\"},{\"@type\":\"ListItem\",\"position\":2,\"name\":\"Kokemuksia\"}]},{\"@type\":\"WebSite\",\"@id\":\"https:\/\/visuon.com\/s\/#website\",\"url\":\"https:\/\/visuon.com\/s\/\",\"name\":\"Visuon Impact\",\"description\":\"New era for visual impact on business\",\"potentialAction\":[{\"@type\":\"SearchAction\",\"target\":{\"@type\":\"EntryPoint\",\"urlTemplate\":\"https:\/\/visuon.com\/s\/?s={search_term_string}\"},\"query-input\":{\"@type\":\"PropertyValueSpecification\",\"valueRequired\":true,\"valueName\":\"search_term_string\"}}],\"inLanguage\":\"fi\"}]}<\/script>\n<!-- \/ Yoast SEO plugin. -->","yoast_head_json":{"title":"Kokemuksia - Visuon Impact","robots":{"index":"index","follow":"follow","max-snippet":"max-snippet:-1","max-image-preview":"max-image-preview:large","max-video-preview":"max-video-preview:-1"},"canonical":"https:\/\/visuon.com\/s\/fi\/kokemuksia\/","og_locale":"fi_FI","og_type":"article","og_title":"Kokemuksia - Visuon Impact","og_description":"Kohderyhm\u00e4 organisaatiossamme ovat operatiiviset tiimit, jotka tekev\u00e4t t\u00f6it\u00e4 p\u00e4\u00e4osin k\u00e4sin. Heid\u00e4n reaktionsa ovat olleet paljon puhuvia: \u201dVau! Aivan kuin olisin itse siell\u00e4!\u201dMeille on t\u00e4rke\u00e4\u00e4, ett\u00e4 palvelu ja sis\u00e4lt\u00f6 ovat sitouttavia, hauskoja ja aktivoivia. Sami Lepp\u00e4nenL&amp;D Program ManagerMeille Visuon tarjosi mullistavan ja poikkeuksellisen alustan teknisten tilojen visualisointiin. Visuon mahdollistaa helpon sek\u00e4 nopean omien 360\u00b0 ymp\u00e4rist\u00f6jen kehityksen. [&hellip;]","og_url":"https:\/\/visuon.com\/s\/fi\/kokemuksia\/","og_site_name":"Visuon Impact","article_publisher":"https:\/\/www.facebook.com\/visuonCo","article_modified_time":"2022-09-23T09:46:51+00:00","twitter_card":"summary_large_image","twitter_site":"@visuonco","schema":{"@context":"https:\/\/schema.org","@graph":[{"@type":"WebPage","@id":"https:\/\/visuon.com\/s\/fi\/kokemuksia\/","url":"https:\/\/visuon.com\/s\/fi\/kokemuksia\/","name":"Kokemuksia - Visuon Impact","isPartOf":{"@id":"https:\/\/visuon.com\/s\/#website"},"datePublished":"2022-08-10T10:58:07+00:00","dateModified":"2022-09-23T09:46:51+00:00","breadcrumb":{"@id":"https:\/\/visuon.com\/s\/fi\/kokemuksia\/#breadcrumb"},"inLanguage":"fi","potentialAction":[{"@type":"ReadAction","target":["https:\/\/visuon.com\/s\/fi\/kokemuksia\/"]}]},{"@type":"BreadcrumbList","@id":"https:\/\/visuon.com\/s\/fi\/kokemuksia\/#breadcrumb","itemListElement":[{"@type":"ListItem","position":1,"name":"Home","item":"https:\/\/visuon.com\/s\/fi\/"},{"@type":"ListItem","position":2,"name":"Kokemuksia"}]},{"@type":"WebSite","@id":"https:\/\/visuon.com\/s\/#website","url":"https:\/\/visuon.com\/s\/","name":"Visuon Impact","description":"New era for visual impact on business","potentialAction":[{"@type":"SearchAction","target":{"@type":"EntryPoint","urlTemplate":"https:\/\/visuon.com\/s\/?s={search_term_string}"},"query-input":{"@type":"PropertyValueSpecification","valueRequired":true,"valueName":"search_term_string"}}],"inLanguage":"fi"}]}},"_links":{"self":[{"href":"https:\/\/visuon.com\/s\/wp-json\/wp\/v2\/pages\/2763"}],"collection":[{"href":"https:\/\/visuon.com\/s\/wp-json\/wp\/v2\/pages"}],"about":[{"href":"https:\/\/visuon.com\/s\/wp-json\/wp\/v2\/types\/page"}],"author":[{"embeddable":true,"href":"https:\/\/visuon.com\/s\/wp-json\/wp\/v2\/users\/1"}],"replies":[{"embeddable":true,"href":"https:\/\/visuon.com\/s\/wp-json\/wp\/v2\/comments?post=2763"}],"version-history":[{"count":22,"href":"https:\/\/visuon.com\/s\/wp-json\/wp\/v2\/pages\/2763\/revisions"}],"predecessor-version":[{"id":2962,"href":"https:\/\/visuon.com\/s\/wp-json\/wp\/v2\/pages\/2763\/revisions\/2962"}],"wp:attachment":[{"href":"https:\/\/visuon.com\/s\/wp-json\/wp\/v2\/media?parent=2763"}],"curies":[{"name":"wp","href":"https:\/\/api.w.org\/{rel}","templated":true}]}}